{"id":113,"date":"2020-03-31T21:06:04","date_gmt":"2020-03-31T19:06:04","guid":{"rendered":"http:\/\/www.fundacjasalomon.pl\/?page_id=113"},"modified":"2022-06-08T20:08:17","modified_gmt":"2022-06-08T18:08:17","slug":"media-o-nas","status":"publish","type":"page","link":"https:\/\/www.fundacjasalomon.pl\/?page_id=113","title":{"rendered":"Media o nas"},"content":{"rendered":"<div class=\"post-content\"><p>\u201ePo\u015bwi\u0119camy si\u0119 temu w ca\u0142o\u015bci\u201d. Rzucili wszystko, by za\u0142o\u017cy\u0107 sklep charytatywny.<\/p>\n<p><a href=\"https:\/\/dziendobry.tvn.pl\/styl-zycia\/agnieszka-i-waldemar-rzucili-wszystko-by-pomagac-innym-jak-dziala-sklep-charytatywny-da343475-5306270?fbclid=IwAR39N-z0chTODAfqudoKKnw-rlxARMvkP6GfKtm7roB1NSi0UDxxJGobMlw\">Dzie\u0144 dobry TVN &#8211; Historia Agnieszki i Waldemara<\/a><\/p>\n<hr \/>\n<p>&#8222;Kopalnia przedmiot\u00f3w&#8221;. Daj\u0105 im drugie \u017cycie i pomagaj\u0105 innym.<\/p>\n<p><a href=\"https:\/\/www.polskieradio.pl\/9\/325\/Artykul\/2514595,Kopalnia-przedmiotow-Daja-im-drugie-zycie-i-pomagaja-innym\">Polskie Radio Tr\u00f3jka &#8211; reporta\u017c<\/a><\/p>\n<hr \/>\n<p>Przeniesiecie si\u0119 na kilkana\u015bcie minut do Kopalni.<\/p>\n<p><blockquote class=\"wp-embedded-content\" data-secret=\"esSvzVDEXR\"><a href=\"https:\/\/mieszkaniec.pl\/poznajcie-sklep-charytatywny-kopalnia-to-miejsce-ma-dusze\/\">Poznajcie sklep charytatywny Kopalnia. To miejsce ma dusz\u0119!<\/a><\/blockquote><iframe loading=\"lazy\" class=\"wp-embedded-content\" sandbox=\"allow-scripts\" security=\"restricted\" style=\"position: absolute; clip: rect(1px, 1px, 1px, 1px);\" title=\"&#8222;Poznajcie sklep charytatywny Kopalnia. To miejsce ma dusz\u0119!&#8221; &#8212; Mieszkaniec\" src=\"https:\/\/mieszkaniec.pl\/poznajcie-sklep-charytatywny-kopalnia-to-miejsce-ma-dusze\/embed\/#?secret=irLF2cq1iW#?secret=esSvzVDEXR\" data-secret=\"esSvzVDEXR\" width=\"600\" height=\"338\" frameborder=\"0\" marginwidth=\"0\" marginheight=\"0\" scrolling=\"no\"><\/iframe><\/p>\n<hr \/>\n<p><blockquote class=\"wp-embedded-content\" data-secret=\"kQKqZ6eUHe\"><a href=\"https:\/\/babkazzasadami.pl\/kopalnia-pelna-skarbow\/\">Kopalnia pe\u0142na skarb\u00f3w<\/a><\/blockquote><iframe loading=\"lazy\" class=\"wp-embedded-content\" sandbox=\"allow-scripts\" security=\"restricted\" style=\"position: absolute; clip: rect(1px, 1px, 1px, 1px);\" title=\"&#8222;Kopalnia pe\u0142na skarb\u00f3w&#8221; &#8212; Babka z Zasadami\" src=\"https:\/\/babkazzasadami.pl\/kopalnia-pelna-skarbow\/embed\/#?secret=FsGEA9f4M2#?secret=kQKqZ6eUHe\" data-secret=\"kQKqZ6eUHe\" width=\"600\" height=\"338\" frameborder=\"0\" marginwidth=\"0\" marginheight=\"0\" scrolling=\"no\"><\/iframe><\/p>\n\n\n<hr \/>\n<p>Radio 357 &#8211; O drugim \u017cyciu przedmiot\u00f3w<\/p>\n<p><a href=\"https:\/\/radio357.pl\/twoje357\/audycje\/plac-na-rozdrozu?fbclid=IwAR23XABEUlrHof8ZC4-dMGe_CIn7U5FMQgsL7ujXw4QF-Lj2MsVdCZohIoY\" target=\"_blank\" rel=\"noopener\">Radio 357 &#8211; Plac na rozdro\u017cu<\/a><\/p>\n<p>Ewa \u015awier\u017cewska w rozmowie z Dominik\u0105 Szaci\u0142\u0142o, tw\u00f3rczyni\u0105 inicjatywy 'Uwaga, \u015bmieciarka jedzie&#8217;, oraz Agnieszk\u0105 Orzechowsk\u0105 ze sklepu charytatywnego 'Kopalnia&#8217;, prowadzonego przez Fundacj\u0119 Salomon.<\/p>\n<p><img loading=\"lazy\" decoding=\"async\" class=\"wp-image-367 aligncenter\" src=\"http:\/\/www.fundacjasalomon.pl\/wp-content\/uploads\/2022\/06\/285250874_525609499307951_8901077369955342780_n-1024x1024.jpeg\" alt=\"\" width=\"450\" height=\"450\" srcset=\"https:\/\/www.fundacjasalomon.pl\/wp-content\/uploads\/2022\/06\/285250874_525609499307951_8901077369955342780_n-1024x1024.jpeg 1024w, https:\/\/www.fundacjasalomon.pl\/wp-content\/uploads\/2022\/06\/285250874_525609499307951_8901077369955342780_n-300x300.jpeg 300w, https:\/\/www.fundacjasalomon.pl\/wp-content\/uploads\/2022\/06\/285250874_525609499307951_8901077369955342780_n-150x150.jpeg 150w, https:\/\/www.fundacjasalomon.pl\/wp-content\/uploads\/2022\/06\/285250874_525609499307951_8901077369955342780_n-768x768.jpeg 768w, https:\/\/www.fundacjasalomon.pl\/wp-content\/uploads\/2022\/06\/285250874_525609499307951_8901077369955342780_n.jpeg 1080w\" sizes=\"auto, (max-width: 450px) 100vw, 450px\" \/><\/p>\n<\/div>","protected":false},"excerpt":{"rendered":"<p>\u201ePo\u015bwi\u0119camy si\u0119 temu w ca\u0142o\u015bci\u201d. Rzucili wszystko, by za\u0142o\u017cy\u0107 sklep<a href=\"https:\/\/www.fundacjasalomon.pl\/?page_id=113\">Wi\u0119cej<i class=\"fa fa-long-arrow-right\" aria-hidden=\"true\"><\/i><\/a><\/p>\n","protected":false},"author":1,"featured_media":0,"parent":0,"menu_order":0,"comment_status":"closed","ping_status":"closed","template":"","meta":{"_monsterinsights_skip_tracking":false,"_monsterinsights_sitenote_active":false,"_monsterinsights_sitenote_note":"","_monsterinsights_sitenote_category":0,"footnotes":""},"class_list":["post-113","page","type-page","status-publish","hentry"],"aioseo_notices":[],"_links":{"self":[{"href":"https:\/\/www.fundacjasalomon.pl\/index.php?rest_route=\/wp\/v2\/pages\/113","targetHints":{"allow":["GET"]}}],"collection":[{"href":"https:\/\/www.fundacjasalomon.pl\/index.php?rest_route=\/wp\/v2\/pages"}],"about":[{"href":"https:\/\/www.fundacjasalomon.pl\/index.php?rest_route=\/wp\/v2\/types\/page"}],"author":[{"embeddable":true,"href":"https:\/\/www.fundacjasalomon.pl\/index.php?rest_route=\/wp\/v2\/users\/1"}],"replies":[{"embeddable":true,"href":"https:\/\/www.fundacjasalomon.pl\/index.php?rest_route=%2Fwp%2Fv2%2Fcomments&post=113"}],"version-history":[{"count":30,"href":"https:\/\/www.fundacjasalomon.pl\/index.php?rest_route=\/wp\/v2\/pages\/113\/revisions"}],"predecessor-version":[{"id":433,"href":"https:\/\/www.fundacjasalomon.pl\/index.php?rest_route=\/wp\/v2\/pages\/113\/revisions\/433"}],"wp:attachment":[{"href":"https:\/\/www.fundacjasalomon.pl\/index.php?rest_route=%2Fwp%2Fv2%2Fmedia&parent=113"}],"curies":[{"name":"wp","href":"https:\/\/api.w.org\/{rel}","templated":true}]}}