{"id":22,"date":"2019-04-26T13:39:44","date_gmt":"2019-04-26T11:39:44","guid":{"rendered":"http:\/\/www.fundacjasalomon.pl\/?page_id=22"},"modified":"2026-03-03T00:12:03","modified_gmt":"2026-03-02T23:12:03","slug":"chcesz-pomoc","status":"publish","type":"page","link":"https:\/\/www.fundacjasalomon.pl\/?page_id=22","title":{"rendered":"Jak mo\u017cesz pom\u00f3c?"},"content":{"rendered":"<div class=\"post-content\"><p><b>Mo\u017cesz wspom\u00f3c fundacj\u0119 na wiele sposob\u00f3w:<br \/>\n<\/b><\/p>\n<ul style=\"list-style-type: square;\">\n<li><span style=\"background-color: #33cccc;\">Przekazuj\u0105c darowizn\u0119<\/span> na konto fundacji, tytu\u0142em &#8222;na cele statutowe&#8221;. Pami\u0119taj, \u017ce darowizn\u0119 t\u0119 mo\u017cesz odliczy\u0107 od podatku.<br \/>\n<strong>Santander Bank Polska<\/strong>, nr konta <strong>25 1090 2590 0000 0001 5268 6762<\/strong><\/li>\n<li>Fundacja Salomon, ul. Rembieli\u0144ska 10 m 79, 03-343 Warszawa<\/li>\n<\/ul>\n<ul style=\"list-style-type: square;\">\n<li>\n<p data-start=\"234\" data-end=\"396\"><span style=\"background-color: #33cccc;\">Przekazuj\u0105c do sklepu mo\u017cesz ofiarowa\u0107 m.in.:<\/span><br data-start=\"279\" data-end=\"282\" \/>odzie\u017c, obuwie, ksi\u0105\u017cki, bi\u017cuteri\u0119, ceramik\u0119, szk\u0142o, pami\u0105tki z PRL-u, p\u0142yty, ma\u0142e meble oraz inne przedmioty.<\/p>\n<p data-start=\"403\" data-end=\"457\">Wszystkie rzeczy musz\u0105 by\u0107 czyste i w dobrym stanie.<\/p>\n<p data-start=\"464\" data-end=\"627\">\u26a0\ufe0f Ze wzgl\u0119du na ograniczon\u0105 przestrze\u0144 magazynow\u0105, przed przekazaniem odzie\u017cy prosimy o wcze\u015bniejszy kontakt w celu potwierdzenia, czy aktualnie j\u0105 przyjmujemy.<\/p>\n<p data-start=\"634\" data-end=\"725\">Rzeczy przyjmujemy w godzinach otwarcia sklepu po wcze\u015bniejszym um\u00f3wieniu si\u0119.<\/p>\n<p data-start=\"732\" data-end=\"822\">W tej sprawie skontaktuj si\u0119 ze sklepem:<br data-start=\"770\" data-end=\"773\" \/>\ud83d\udcde 570 003 579<\/p>\n<\/li>\n<li>email: kopalnia@fundacjasalomon.pl lub media spo\u0142eczno\u015bciowe<\/li>\n<\/ul>\n<ul style=\"list-style-type: square;\">\n<li><span style=\"background-color: #33cccc;\">Spakuj i wy\u015blij paczk\u0119<\/span> :<\/li>\n<\/ul>\n<p>Kopalnia sklep charytatywny ul. Bia\u0142ostocka 9 03-741 Warszawa<\/p>\n<p>lub nadaj do paczkomatu InPost <span style=\"color: #0000ff;\">WAW16H<\/span> Plac Konesera 2<\/p>\n<p>Przyjd\u017a i wesprzyj nas jako wolontariusz:<\/p>\n<p><img loading=\"lazy\" decoding=\"async\" class=\"wp-image-369 aligncenter\" src=\"http:\/\/www.fundacjasalomon.pl\/wp-content\/uploads\/2022\/06\/285446694_2262475540582870_358105260182782578_n-1024x1024.png\" alt=\"\" width=\"425\" height=\"425\" srcset=\"https:\/\/www.fundacjasalomon.pl\/wp-content\/uploads\/2022\/06\/285446694_2262475540582870_358105260182782578_n-1024x1024.png 1024w, https:\/\/www.fundacjasalomon.pl\/wp-content\/uploads\/2022\/06\/285446694_2262475540582870_358105260182782578_n-300x300.png 300w, https:\/\/www.fundacjasalomon.pl\/wp-content\/uploads\/2022\/06\/285446694_2262475540582870_358105260182782578_n-150x150.png 150w, https:\/\/www.fundacjasalomon.pl\/wp-content\/uploads\/2022\/06\/285446694_2262475540582870_358105260182782578_n-768x768.png 768w, https:\/\/www.fundacjasalomon.pl\/wp-content\/uploads\/2022\/06\/285446694_2262475540582870_358105260182782578_n.png 1080w\" sizes=\"auto, (max-width: 425px) 100vw, 425px\" \/><\/p>\n<\/div>","protected":false},"excerpt":{"rendered":"<p>Mo\u017cesz wspom\u00f3c fundacj\u0119 na wiele sposob\u00f3w: Przekazuj\u0105c darowizn\u0119 na konto<a href=\"https:\/\/www.fundacjasalomon.pl\/?page_id=22\">Wi\u0119cej<i class=\"fa fa-long-arrow-right\" aria-hidden=\"true\"><\/i><\/a><\/p>\n","protected":false},"author":1,"featured_media":0,"parent":0,"menu_order":0,"comment_status":"closed","ping_status":"closed","template":"","meta":{"_monsterinsights_skip_tracking":false,"_monsterinsights_sitenote_active":false,"_monsterinsights_sitenote_note":"","_monsterinsights_sitenote_category":0,"footnotes":""},"class_list":["post-22","page","type-page","status-publish","hentry"],"aioseo_notices":[],"_links":{"self":[{"href":"https:\/\/www.fundacjasalomon.pl\/index.php?rest_route=\/wp\/v2\/pages\/22","targetHints":{"allow":["GET"]}}],"collection":[{"href":"https:\/\/www.fundacjasalomon.pl\/index.php?rest_route=\/wp\/v2\/pages"}],"about":[{"href":"https:\/\/www.fundacjasalomon.pl\/index.php?rest_route=\/wp\/v2\/types\/page"}],"author":[{"embeddable":true,"href":"https:\/\/www.fundacjasalomon.pl\/index.php?rest_route=\/wp\/v2\/users\/1"}],"replies":[{"embeddable":true,"href":"https:\/\/www.fundacjasalomon.pl\/index.php?rest_route=%2Fwp%2Fv2%2Fcomments&post=22"}],"version-history":[{"count":20,"href":"https:\/\/www.fundacjasalomon.pl\/index.php?rest_route=\/wp\/v2\/pages\/22\/revisions"}],"predecessor-version":[{"id":794,"href":"https:\/\/www.fundacjasalomon.pl\/index.php?rest_route=\/wp\/v2\/pages\/22\/revisions\/794"}],"wp:attachment":[{"href":"https:\/\/www.fundacjasalomon.pl\/index.php?rest_route=%2Fwp%2Fv2%2Fmedia&parent=22"}],"curies":[{"name":"wp","href":"https:\/\/api.w.org\/{rel}","templated":true}]}}