{"id":239,"date":"2022-03-02T19:42:19","date_gmt":"2022-03-02T18:42:19","guid":{"rendered":"https:\/\/www.fundacjasalomon.pl\/?page_id=239"},"modified":"2022-06-09T10:59:40","modified_gmt":"2022-06-09T08:59:40","slug":"aktualnosci","status":"publish","type":"page","link":"https:\/\/www.fundacjasalomon.pl\/?page_id=239","title":{"rendered":"Kopalnia sklep charytatywny"},"content":{"rendered":"<div class=\"post-content\">\n<div>\n<div class=\"\" dir=\"auto\">\n<div id=\"jsc_c_iu\" class=\"ecm0bbzt hv4rvrfc ihqw7lf3 dati1w0a\" data-ad-comet-preview=\"message\" data-ad-preview=\"message\">\n<div class=\"j83agx80 cbu4d94t ew0dbk1b irj2b8pg\">\n<div class=\"qzhwtbm6 knvmm38d\">\n<div class=\"kvgmc6g5 cxmmr5t8 oygrvhab hcukyx3x c1et5uql ii04i59q\">\n<div dir=\"auto\">\n<p class=\"entry-title\"><span class=\"pq6dq46d tbxw36s4 knj5qynh kvgmc6g5 ditlmg2l oygrvhab nvdbi5me sf5mxxl7 gl3lb2sf hhz5lgdu\" style=\"color: initial;\"><img loading=\"lazy\" decoding=\"async\" src=\"https:\/\/static.xx.fbcdn.net\/images\/emoji.php\/v9\/t1a\/2\/16\/1f7e1.png\" alt=\"\ud83d\udfe1\" width=\"16\" height=\"16\" \/><\/span><span style=\"color: initial;\"> Ide\u0105 sklepu charytatywnego jest stworzenie miejsca, w kt\u00f3rym za niewielkie pieni\u0105dze mo\u017cna naby\u0107 r\u00f3\u017cne potrzebne rzeczy materialne. Od ubra\u0144 po wyposa\u017cenie domu. Zebrane pieni\u0105dze wspomagaj\u0105 realizcj\u0119 celu statutowego Fundacji Salomon.<\/span><\/p>\n<\/div>\n<div dir=\"auto\">Co mo\u017cecie znale\u017a\u0107 w naszym sklepie charytatywnym? Zobaczcie poni\u017cej. \ud83d\ude42<\/div>\n<div dir=\"auto\"><span class=\"pq6dq46d tbxw36s4 knj5qynh kvgmc6g5 ditlmg2l oygrvhab nvdbi5me sf5mxxl7 gl3lb2sf hhz5lgdu\"><img loading=\"lazy\" decoding=\"async\" src=\"https:\/\/static.xx.fbcdn.net\/images\/emoji.php\/v9\/tf0\/2\/16\/1f449.png\" alt=\"\ud83d\udc49\" width=\"16\" height=\"16\" \/> odzie\u017c i obuwie<\/span><\/div>\n<\/div>\n<div dir=\"auto\"><span class=\"pq6dq46d tbxw36s4 knj5qynh kvgmc6g5 ditlmg2l oygrvhab nvdbi5me sf5mxxl7 gl3lb2sf hhz5lgdu\"><img loading=\"lazy\" decoding=\"async\" src=\"https:\/\/static.xx.fbcdn.net\/images\/emoji.php\/v9\/tf0\/2\/16\/1f449.png\" alt=\"\ud83d\udc49\" width=\"16\" height=\"16\" \/> vintage (odzie\u017c, obuwie, dodatki)<\/span><\/div>\n<div dir=\"auto\"><span class=\"pq6dq46d tbxw36s4 knj5qynh kvgmc6g5 ditlmg2l oygrvhab nvdbi5me sf5mxxl7 gl3lb2sf hhz5lgdu\"><img loading=\"lazy\" decoding=\"async\" src=\"https:\/\/static.xx.fbcdn.net\/images\/emoji.php\/v9\/tf0\/2\/16\/1f449.png\" alt=\"\ud83d\udc49\" width=\"16\" height=\"16\" \/> galanteri\u0119 i inne dodatki<\/span><\/div>\n<div dir=\"auto\"><span class=\"pq6dq46d tbxw36s4 knj5qynh kvgmc6g5 ditlmg2l oygrvhab nvdbi5me sf5mxxl7 gl3lb2sf hhz5lgdu\"><img loading=\"lazy\" decoding=\"async\" src=\"https:\/\/static.xx.fbcdn.net\/images\/emoji.php\/v9\/tf0\/2\/16\/1f449.png\" alt=\"\ud83d\udc49\" width=\"16\" height=\"16\" \/> bi\u017cuteri\u0119<\/span><\/div>\n<div dir=\"auto\"><span class=\"pq6dq46d tbxw36s4 knj5qynh kvgmc6g5 ditlmg2l oygrvhab nvdbi5me sf5mxxl7 gl3lb2sf hhz5lgdu\"><img loading=\"lazy\" decoding=\"async\" src=\"https:\/\/static.xx.fbcdn.net\/images\/emoji.php\/v9\/tf0\/2\/16\/1f449.png\" alt=\"\ud83d\udc49\" width=\"16\" height=\"16\" \/> ksi\u0105\u017cki<\/span><\/div>\n<div dir=\"auto\"><span class=\"pq6dq46d tbxw36s4 knj5qynh kvgmc6g5 ditlmg2l oygrvhab nvdbi5me sf5mxxl7 gl3lb2sf hhz5lgdu\"><img loading=\"lazy\" decoding=\"async\" src=\"https:\/\/static.xx.fbcdn.net\/images\/emoji.php\/v9\/tf0\/2\/16\/1f449.png\" alt=\"\ud83d\udc49\" width=\"16\" height=\"16\" \/> szk\u0142o, porcelan\u0119<\/span><\/div>\n<div dir=\"auto\"><span class=\"pq6dq46d tbxw36s4 knj5qynh kvgmc6g5 ditlmg2l oygrvhab nvdbi5me sf5mxxl7 gl3lb2sf hhz5lgdu\"><img loading=\"lazy\" decoding=\"async\" src=\"https:\/\/static.xx.fbcdn.net\/images\/emoji.php\/v9\/tf0\/2\/16\/1f449.png\" alt=\"\ud83d\udc49\" width=\"16\" height=\"16\" \/> meble, obrazy, artyku\u0142y dekoracyjne<\/span><\/div>\n<div dir=\"auto\"><span class=\"pq6dq46d tbxw36s4 knj5qynh kvgmc6g5 ditlmg2l oygrvhab nvdbi5me sf5mxxl7 gl3lb2sf hhz5lgdu\"><img loading=\"lazy\" decoding=\"async\" src=\"https:\/\/static.xx.fbcdn.net\/images\/emoji.php\/v9\/tf0\/2\/16\/1f449.png\" alt=\"\ud83d\udc49\" width=\"16\" height=\"16\" \/> rzeczy z czas\u00f3w PRL<\/span><\/div>\n<div dir=\"auto\">\u00a0<\/div>\n<div class=\"kvgmc6g5 cxmmr5t8 oygrvhab hcukyx3x c1et5uql ii04i59q\">\n<div dir=\"auto\" style=\"text-align: center;\"><img loading=\"lazy\" decoding=\"async\" class=\"alignnone size-large wp-image-513\" src=\"http:\/\/www.fundacjasalomon.pl\/wp-content\/uploads\/2022\/06\/Nie-ma-takiej-rzeczy-kto\u0301rej-bys\u0301my-nie-mieli-1024x819.png\" alt=\"\" width=\"640\" height=\"512\" srcset=\"https:\/\/www.fundacjasalomon.pl\/wp-content\/uploads\/2022\/06\/Nie-ma-takiej-rzeczy-kto\u0301rej-bys\u0301my-nie-mieli-1024x819.png 1024w, https:\/\/www.fundacjasalomon.pl\/wp-content\/uploads\/2022\/06\/Nie-ma-takiej-rzeczy-kto\u0301rej-bys\u0301my-nie-mieli-300x240.png 300w, https:\/\/www.fundacjasalomon.pl\/wp-content\/uploads\/2022\/06\/Nie-ma-takiej-rzeczy-kto\u0301rej-bys\u0301my-nie-mieli-150x120.png 150w, https:\/\/www.fundacjasalomon.pl\/wp-content\/uploads\/2022\/06\/Nie-ma-takiej-rzeczy-kto\u0301rej-bys\u0301my-nie-mieli-768x614.png 768w, https:\/\/www.fundacjasalomon.pl\/wp-content\/uploads\/2022\/06\/Nie-ma-takiej-rzeczy-kto\u0301rej-bys\u0301my-nie-mieli-1536x1229.png 1536w, https:\/\/www.fundacjasalomon.pl\/wp-content\/uploads\/2022\/06\/Nie-ma-takiej-rzeczy-kto\u0301rej-bys\u0301my-nie-mieli.png 2000w\" sizes=\"auto, (max-width: 640px) 100vw, 640px\" \/><\/div>\n<\/div>\n<div class=\"cxmmr5t8 oygrvhab hcukyx3x c1et5uql o9v6fnle ii04i59q\">\n<div dir=\"auto\">\u00a0<\/div>\n<div dir=\"auto\">\u00a0<\/div>\n<\/div>\n<div dir=\"auto\">\u00a0<\/div>\n<\/div>\n<\/div>\n<\/div>\n<\/div>\n<div id=\"jsc_c_iv\" class=\"l9j0dhe7\">\u00a0<\/div>\n<\/div>\n<div>\n<div class=\"stjgntxs ni8dbmo4 l82x9zwi uo3d90p7 h905i5nu monazrh9\" data-visualcompletion=\"ignore-dynamic\">\n<div class=\"l9j0dhe7\">\n<div class=\"bp9cbjyn m9osqain j83agx80 jq4qci2q bkfpd7mw a3bd9o3v kvgmc6g5 wkznzc2l oygrvhab dhix69tm jktsbyx5 rz4wbd8a osnr6wyh a8nywdso s1tcr66n\">\n<div class=\"bp9cbjyn j83agx80 buofh1pr ni8dbmo4 stjgntxs\">\n<h3 class=\"entry-title\">\u00a0<\/h3>\n<\/div>\n<div class=\"bp9cbjyn j83agx80 buofh1pr ni8dbmo4 stjgntxs\">\n<p>\u00a0<\/p>\n<\/div>\n<div class=\"kb5gq1qc pfnyh3mw c0wkt4kp\">\u00a0<\/div>\n<\/div>\n<\/div>\n<\/div>\n<\/div>\n<\/div>","protected":false},"excerpt":{"rendered":"<p>Ide\u0105 sklepu charytatywnego jest stworzenie miejsca, w kt\u00f3rym za niewielkie<a href=\"https:\/\/www.fundacjasalomon.pl\/?page_id=239\">Wi\u0119cej<i class=\"fa fa-long-arrow-right\" aria-hidden=\"true\"><\/i><\/a><\/p>\n","protected":false},"author":1,"featured_media":0,"parent":0,"menu_order":0,"comment_status":"closed","ping_status":"closed","template":"","meta":{"_monsterinsights_skip_tracking":false,"_monsterinsights_sitenote_active":false,"_monsterinsights_sitenote_note":"","_monsterinsights_sitenote_category":0,"footnotes":""},"class_list":["post-239","page","type-page","status-publish","hentry"],"aioseo_notices":[],"_links":{"self":[{"href":"https:\/\/www.fundacjasalomon.pl\/index.php?rest_route=\/wp\/v2\/pages\/239","targetHints":{"allow":["GET"]}}],"collection":[{"href":"https:\/\/www.fundacjasalomon.pl\/index.php?rest_route=\/wp\/v2\/pages"}],"about":[{"href":"https:\/\/www.fundacjasalomon.pl\/index.php?rest_route=\/wp\/v2\/types\/page"}],"author":[{"embeddable":true,"href":"https:\/\/www.fundacjasalomon.pl\/index.php?rest_route=\/wp\/v2\/users\/1"}],"replies":[{"embeddable":true,"href":"https:\/\/www.fundacjasalomon.pl\/index.php?rest_route=%2Fwp%2Fv2%2Fcomments&post=239"}],"version-history":[{"count":11,"href":"https:\/\/www.fundacjasalomon.pl\/index.php?rest_route=\/wp\/v2\/pages\/239\/revisions"}],"predecessor-version":[{"id":514,"href":"https:\/\/www.fundacjasalomon.pl\/index.php?rest_route=\/wp\/v2\/pages\/239\/revisions\/514"}],"wp:attachment":[{"href":"https:\/\/www.fundacjasalomon.pl\/index.php?rest_route=%2Fwp%2Fv2%2Fmedia&parent=239"}],"curies":[{"name":"wp","href":"https:\/\/api.w.org\/{rel}","templated":true}]}}