{"id":8,"date":"2019-04-26T12:34:57","date_gmt":"2019-04-26T10:34:57","guid":{"rendered":"http:\/\/www.fundacjasalomon.pl\/?page_id=8"},"modified":"2026-03-03T00:00:41","modified_gmt":"2026-03-02T23:00:41","slug":"o-fundacji","status":"publish","type":"page","link":"https:\/\/www.fundacjasalomon.pl\/?page_id=8","title":{"rendered":"O Fundacji i Kopalni"},"content":{"rendered":"<div class=\"post-content\"><p><img loading=\"lazy\" decoding=\"async\" class=\"alignnone size-full wp-image-226\" src=\"http:\/\/www.fundacjasalomon.pl\/wp-content\/uploads\/2022\/02\/94340947_556063291957197_7424673319934230528_n.jpg\" alt=\"\" width=\"961\" height=\"555\" srcset=\"https:\/\/www.fundacjasalomon.pl\/wp-content\/uploads\/2022\/02\/94340947_556063291957197_7424673319934230528_n.jpg 961w, https:\/\/www.fundacjasalomon.pl\/wp-content\/uploads\/2022\/02\/94340947_556063291957197_7424673319934230528_n-300x173.jpg 300w, https:\/\/www.fundacjasalomon.pl\/wp-content\/uploads\/2022\/02\/94340947_556063291957197_7424673319934230528_n-768x444.jpg 768w\" sizes=\"auto, (max-width: 961px) 100vw, 961px\" \/><\/p>\n<div>\n<div class=\"\" dir=\"auto\">\n<div id=\"jsc_c_iu\" class=\"ecm0bbzt hv4rvrfc ihqw7lf3 dati1w0a\" data-ad-comet-preview=\"message\" data-ad-preview=\"message\">\n<div class=\"j83agx80 cbu4d94t ew0dbk1b irj2b8pg\">\n<div class=\"qzhwtbm6 knvmm38d\">\n<h3 dir=\"auto\"><span class=\"pq6dq46d tbxw36s4 knj5qynh kvgmc6g5 ditlmg2l oygrvhab nvdbi5me sf5mxxl7 gl3lb2sf hhz5lgdu\"><img loading=\"lazy\" decoding=\"async\" class=\"\" src=\"https:\/\/static.xx.fbcdn.net\/images\/emoji.php\/v9\/tf0\/2\/16\/1f449.png\" alt=\"\ud83d\udc49\" width=\"32\" height=\"32\" \/> <a href=\"http:\/\/www.fundacjasalomon.pl\/wp-content\/uploads\/2023\/01\/1.Statut-Fundacja-Salomon-23.03.2018-_1_.pdf\">STATUT Fundacji Salomon<\/a> <\/span><\/h3>\n<\/div>\n<div dir=\"auto\">\u00a0<\/div>\n<div class=\"qzhwtbm6 knvmm38d\">\n<div class=\"kvgmc6g5 cxmmr5t8 oygrvhab hcukyx3x c1et5uql ii04i59q\">\n<div dir=\"auto\"><span class=\"pq6dq46d tbxw36s4 knj5qynh kvgmc6g5 ditlmg2l oygrvhab nvdbi5me sf5mxxl7 gl3lb2sf hhz5lgdu\"><img loading=\"lazy\" decoding=\"async\" src=\"https:\/\/static.xx.fbcdn.net\/images\/emoji.php\/v9\/t8e\/2\/16\/1f535.png\" alt=\"\ud83d\udd35\" width=\"16\" height=\"16\" \/><\/span> Fundacja Salomon zosta\u0142a za\u0142o\u017cona w 2018 r. przez Waldemara i Agnieszk\u0119. Nie zrobili tego, bo si\u0119 nudz\u0105, bo na fundacji mo\u017cna zarobi\u0107 czy z innych dziwnych pobudek. Chcieli pomaga\u0107 innym ludziom i zwierz\u0119tom. Czy trzeba wi\u0119cej powod\u00f3w? Niesienie pomocy innym jest wystarczaj\u0105ce.<\/div>\n<div dir=\"auto\"><span class=\"pq6dq46d tbxw36s4 knj5qynh kvgmc6g5 ditlmg2l oygrvhab nvdbi5me sf5mxxl7 gl3lb2sf hhz5lgdu\"><img loading=\"lazy\" decoding=\"async\" src=\"https:\/\/static.xx.fbcdn.net\/images\/emoji.php\/v9\/t8e\/2\/16\/1f535.png\" alt=\"\ud83d\udd35\" width=\"16\" height=\"16\" \/><\/span> Fundusze na dzia\u0142anie statutowe zbierane s\u0105 przez dzia\u0142alno\u015b\u0107 sklepu charytatywnego Kopalnia. Fundacj\u0119 i sklep znajdziecie na ul. Bia\u0142ostockiej 9 w Warszawie, na terenie dzielnicy Pragi-P\u00f3\u0142noc.<\/div>\n<div dir=\"auto\"><span class=\"pq6dq46d tbxw36s4 knj5qynh kvgmc6g5 ditlmg2l oygrvhab nvdbi5me sf5mxxl7 gl3lb2sf hhz5lgdu\"><img loading=\"lazy\" decoding=\"async\" src=\"https:\/\/static.xx.fbcdn.net\/images\/emoji.php\/v9\/t8e\/2\/16\/1f535.png\" alt=\"\ud83d\udd35\" width=\"16\" height=\"16\" \/><\/span> Jaka jest misja fundacji Salomon? Fundacja chce pomaga\u0107 lokalnie i tam, gdzie mo\u017ce pom\u00f3c. Nasza siedziba mie\u015bci si\u0119 w Warszawie, ale nie zamykamy si\u0119 tylko na dzia\u0142anie w mie\u015bcie sto\u0142ecznym. Pomagamy tam, gdzie wiemy, \u017ce pomoc jest potrzebna. Przekazujemy rzeczy, zbieramy fundusze. Nasz\u0105 pomoc kierujemy do os\u00f3b, kt\u00f3re znalaz\u0142y si\u0119 w trudnej sytuacji \u017cyciowej. Wspomagamy Fundacj\u0119 Domy Samotnych Matek z Dzie\u0107mi, Siostry Misjonarki pomagaj\u0105ce bezdomnym<br \/>i ubogim, \u015arodowiskowe Domy Samopomocy, osoby niepe\u0142nosprawne, pogorzelc\u00f3w, ubogie rodziny w Ukrainie a od lutego 2022 r\u00f3wnie\u017c uchod\u017ac\u00f3w z Ukrainy. Wspieramy te\u017c schroniska dla zwierz\u0105t i Fundacj\u0119 Bojkot.<\/div>\n<div dir=\"auto\"><span class=\"pq6dq46d tbxw36s4 knj5qynh kvgmc6g5 ditlmg2l oygrvhab nvdbi5me sf5mxxl7 gl3lb2sf hhz5lgdu\"><img loading=\"lazy\" decoding=\"async\" src=\"https:\/\/static.xx.fbcdn.net\/images\/emoji.php\/v9\/t8e\/2\/16\/1f535.png\" alt=\"\ud83d\udd35\" width=\"16\" height=\"16\" \/><\/span> Fundusze potrzebne do dzia\u0142ania fundacji zbierane s\u0105 poprzez dzia\u0142anie sklepu charytatywnego Kopalnia. Czyli? Co to znaczy sklep charytatywny?<\/div>\n<div dir=\"auto\"><span class=\"pq6dq46d tbxw36s4 knj5qynh kvgmc6g5 ditlmg2l oygrvhab nvdbi5me sf5mxxl7 gl3lb2sf hhz5lgdu\"><img loading=\"lazy\" decoding=\"async\" src=\"https:\/\/static.xx.fbcdn.net\/images\/emoji.php\/v9\/t8e\/2\/16\/1f535.png\" alt=\"\ud83d\udd35\" width=\"16\" height=\"16\" \/><\/span> Ide\u0105 sklepu charytatywnego jest stworzenie sklepu, w kt\u00f3rym za niedu\u017ce pieni\u0105dze mo\u017cna naby\u0107 r\u00f3\u017cne potrzebne rzeczy materialne. Od ubra\u0144 do wyposa\u017cenia ca\u0142ego domu. Zebrane pieni\u0105dze wspomagaj\u0105 r\u00f3\u017cne instytucje charytatywne w dzia\u0142aniu.<\/div>\n<div dir=\"auto\"><span class=\"pq6dq46d tbxw36s4 knj5qynh kvgmc6g5 ditlmg2l oygrvhab nvdbi5me sf5mxxl7 gl3lb2sf hhz5lgdu\"><img loading=\"lazy\" decoding=\"async\" src=\"https:\/\/static.xx.fbcdn.net\/images\/emoji.php\/v9\/t92\/2\/16\/1f539.png\" alt=\"\ud83d\udd39\" width=\"16\" height=\"16\" \/><\/span> Sk\u0105d bierze si\u0119 wyposa\u017cenie sklepu? Najcz\u0119\u015bciej s\u0105 to dary od ludzi lub przedsi\u0119biorstw.<\/div>\n<div dir=\"auto\">\n<div dir=\"auto\">\n<p>Bardzo ch\u0119tnie przyjmiemy:<\/p>\n<ul>\n<li>ksi\u0105\u017cki<\/li>\n<li>odzie\u017c, obuwie, galanteri\u0119, bi\u017cuteri\u0119, torebki<\/li>\n<li>naczynia, ceramik\u0119, szk\u0142o, art. gospodarstwa domowe<\/li>\n<li>meble<\/li>\n<li>przedmioty z PRL-u<\/li>\n<li>oraz inne przedmioty, kt\u00f3re mog\u0105 jeszcze komu\u015b pos\u0142u\u017cy\u0107<\/li>\n<\/ul>\n<\/div>\n<div dir=\"auto\"><span style=\"color: initial;\">Przyjmujemy rzeczy sezonowo (letnie wiosn\u0105 i latem, zimowe jesieni\u0105 i wczesn\u0105 zim\u0105). Rzeczy musz\u0105 by\u0107 w dobrym stanie i\u00a0 nieuszkodzone, bez dziur i plam. Je\u015bli nie wiesz, czy dana rzecz komu\u015b si\u0119 przyda, zadzwo\u0144 lub napisz do nas.\u00a0<\/span><\/div>\n<\/div>\n<div dir=\"auto\">\u00a0<\/div>\n<div dir=\"auto\"><span class=\"pq6dq46d tbxw36s4 knj5qynh kvgmc6g5 ditlmg2l oygrvhab nvdbi5me sf5mxxl7 gl3lb2sf hhz5lgdu\"><img loading=\"lazy\" decoding=\"async\" src=\"https:\/\/static.xx.fbcdn.net\/images\/emoji.php\/v9\/t92\/2\/16\/1f539.png\" alt=\"\ud83d\udd39\" width=\"16\" height=\"16\" \/><\/span> Kto jest klientem sklepu charytatywnego? Osoby, kt\u00f3re chc\u0105 wesprze\u0107 zakupem dzia\u0142anie fundacji\/organizacji, kt\u00f3ra prowadzi sklep. Wszyscy potrzebuj\u0105cy, kt\u00f3rych nie sta\u0107 na zakup nowej rzeczy w regularnym sklepie. Osoby, kt\u00f3re prowadz\u0105 \u017cycie w duchy zero waste i staraj\u0105 si\u0119 kupowa\u0107 rzeczy z drugiej r\u0119ki.<\/div>\n<div dir=\"auto\"><span class=\"pq6dq46d tbxw36s4 knj5qynh kvgmc6g5 ditlmg2l oygrvhab nvdbi5me sf5mxxl7 gl3lb2sf hhz5lgdu\"><img loading=\"lazy\" decoding=\"async\" src=\"https:\/\/static.xx.fbcdn.net\/images\/emoji.php\/v9\/t92\/2\/16\/1f539.png\" alt=\"\ud83d\udd39\" width=\"16\" height=\"16\" \/><\/span> Kim s\u0105 pracownicy? Najcz\u0119\u015bciej pracownikami takich sklep\u00f3w s\u0105 wolontariusze.<\/div>\n<div dir=\"auto\">\u00a0<\/div>\n<div dir=\"auto\"><span class=\"pq6dq46d tbxw36s4 knj5qynh kvgmc6g5 ditlmg2l oygrvhab nvdbi5me sf5mxxl7 gl3lb2sf hhz5lgdu\"><img loading=\"lazy\" decoding=\"async\" src=\"https:\/\/static.xx.fbcdn.net\/images\/emoji.php\/v9\/t9b\/2\/16\/1f7e2.png\" alt=\"\ud83d\udfe2\" width=\"16\" height=\"16\" \/><\/span> Pierwsze sklepy charytatywne powsta\u0142y w Wielkiej Brytanii. Idea ta rozwin\u0119\u0142a si\u0119 szczeg\u00f3lnie<br \/>w trakcie II Wojny \u015awiatowej. Dzi\u0119ki ich dzia\u0142aniu wspierano Czerwony Krzy\u017c. Z czasem idea sklep\u00f3w charytatywnych rozprzestrzeni\u0142a si\u0119 na ca\u0142y \u015bwiat.<\/div>\n<div dir=\"auto\"><span class=\"pq6dq46d tbxw36s4 knj5qynh kvgmc6g5 ditlmg2l oygrvhab nvdbi5me sf5mxxl7 gl3lb2sf hhz5lgdu\"><img loading=\"lazy\" decoding=\"async\" src=\"https:\/\/static.xx.fbcdn.net\/images\/emoji.php\/v9\/t9b\/2\/16\/1f7e2.png\" alt=\"\ud83d\udfe2\" width=\"16\" height=\"16\" \/><\/span> W przypadku sklep\u00f3w charytatywnych w Wielkiej Brytanii, dzia\u0142anie ich wspierane jest przez rz\u0105d i samorz\u0105dy lokalne. Wsparcie polega na stworzeniu prawa, kt\u00f3re sprzyja rozwojowi takich sklep\u00f3w.<\/div>\n<div dir=\"auto\"><span class=\"pq6dq46d tbxw36s4 knj5qynh kvgmc6g5 ditlmg2l oygrvhab nvdbi5me sf5mxxl7 gl3lb2sf hhz5lgdu\"><img loading=\"lazy\" decoding=\"async\" src=\"https:\/\/static.xx.fbcdn.net\/images\/emoji.php\/v9\/t9b\/2\/16\/1f7e2.png\" alt=\"\ud83d\udfe2\" width=\"16\" height=\"16\" \/><\/span> Poniewa\u017c jest to dzia\u0142alno\u015b\u0107 dobroczynna, sklepy te mog\u0105 liczy\u0107 na 80% ulg\u0119 podatku od nieruchomo\u015bci oraz 0% podatku VAT. W zale\u017cno\u015bci od w\u0142adz samorz\u0105dowych, sklep mo\u017ce uzyska\u0107 dodatkowe zwolnienie pozosta\u0142ych 20%. Dodatkowo sklepy charytatywne s\u0105 zwolnione<br \/>z podatku dochodowego. W zwi\u0105zku z tym ceny rzeczy w sklepach mog\u0105 by\u0107 bardzo niskie.<\/div>\n<div dir=\"auto\">\u00a0<\/div>\n<div dir=\"auto\"><span class=\"pq6dq46d tbxw36s4 knj5qynh kvgmc6g5 ditlmg2l oygrvhab nvdbi5me sf5mxxl7 gl3lb2sf hhz5lgdu\"><img loading=\"lazy\" decoding=\"async\" src=\"https:\/\/static.xx.fbcdn.net\/images\/emoji.php\/v9\/td\/2\/16\/1f534.png\" alt=\"\ud83d\udd34\" width=\"16\" height=\"16\" \/><\/span> A jak jest w Polsce? W Polsce pierwsze sklepy charytatywne pojawi\u0142y si\u0119 w latach 90 XX w. Pierwszy z nich zosta\u0142 otworzony w Warszawie. Niestety, prawo polskie nie jest tak pro-rozwojowe, jak w Wielkiej Brytanii.<\/div>\n<div dir=\"auto\"><span class=\"pq6dq46d tbxw36s4 knj5qynh kvgmc6g5 ditlmg2l oygrvhab nvdbi5me sf5mxxl7 gl3lb2sf hhz5lgdu\"><img loading=\"lazy\" decoding=\"async\" src=\"https:\/\/static.xx.fbcdn.net\/images\/emoji.php\/v9\/td\/2\/16\/1f534.png\" alt=\"\ud83d\udd34\" width=\"16\" height=\"16\" \/><\/span> Przy prowadzeniu sklepu charytatywnego trzeba si\u0119 mierzy\u0107 z ro\u017cnymi przeszkodami. Jedn\u0105 z nich jest konieczno\u015b\u0107 op\u0142aty za czynsz wynajmowanego lokalu, media, brak obni\u017cek w zwi\u0105zku z prowadzeniem dzia\u0142alno\u015bci dobroczynnej. Przekazywanie darowizn na rzecz organizacji pozarz\u0105dowych jest opodatkowane VAT-em, co nie u\u0142atwia w\u0142\u0105czania si\u0119 w pomaganie przedsi\u0119biorcom. I pozostaj\u0105 do op\u0142acenia wszystkie podatki.<\/div>\n<div dir=\"auto\">\u00a0<\/div>\n<div dir=\"auto\"><span class=\"pq6dq46d tbxw36s4 knj5qynh kvgmc6g5 ditlmg2l oygrvhab nvdbi5me sf5mxxl7 gl3lb2sf hhz5lgdu\"><img loading=\"lazy\" decoding=\"async\" src=\"https:\/\/static.xx.fbcdn.net\/images\/emoji.php\/v9\/t1a\/2\/16\/1f7e1.png\" alt=\"\ud83d\udfe1\" width=\"16\" height=\"16\" \/><\/span> Pomimo wyzwa\u0144 podatkowo-czynszowych, fundacja Salomon, poprzez dzia\u0142anie sklepu charytatywnego Kopalnia na ul. Bia\u0142ostockiej, nadal dzia\u0142a.<\/div>\n<div dir=\"auto\"><span class=\"pq6dq46d tbxw36s4 knj5qynh kvgmc6g5 ditlmg2l oygrvhab nvdbi5me sf5mxxl7 gl3lb2sf hhz5lgdu\"><img loading=\"lazy\" decoding=\"async\" src=\"https:\/\/static.xx.fbcdn.net\/images\/emoji.php\/v9\/t1a\/2\/16\/1f7e1.png\" alt=\"\ud83d\udfe1\" width=\"16\" height=\"16\" \/><\/span> Co mo\u017cecie w nim znale\u017a\u0107?<\/div>\n<div dir=\"auto\">Po pierwsze, dobrze jest przyj\u015b\u0107 do Kopalni z zapasem czasu, bo tyle jest tu r\u00f3\u017cnych rzeczy. Odnajd\u0105 si\u0119 tu wszyscy poszukiwacze pere\u0142ek ubraniowych. S\u0105 dwie p\u0119kate szafy z samymi ubraniami vintage. A to nie koniec. Jest ca\u0142e pomieszczenie z ro\u017cnymi ubraniami w r\u00f3\u017cnych cenach. Mi\u0142o\u015bnicy ksi\u0105\u017cek znajd\u0105 pe\u0142ne rega\u0142y. S\u0105 tam nie tylko beletrystyka i powie\u015bci r\u00f3\u017cne. Mo\u017cna znale\u017a\u0107 poradniki, ksi\u0105\u017cki kucharskie i ksi\u0105\u017cki dla dzieci. W g\u0142\u0119bi sklepu jest te\u017c specjalny rega\u0142<br \/>z ksi\u0105\u017ckami rzadkimi i albumami. Co\u015b do domu? Oczywi\u015bcie. I to nie byle co. Porcelana, szk\u0142o, meble i nawet fortepian. Na waszych \u015bcianach mog\u0105 zawisn\u0105\u0107 obrazy lub inne dekoracje. Je\u017celi szukacie czego\u015b specjalnego, nie b\u00f3jcie si\u0119 pyta\u0107. Wyposa\u017cenie sklepu zmienia si\u0119 jak<br \/>w kalejdoskopie. Mo\u017cemy tylko zapewni\u0107, \u017ce znajdziesz u nas przedmioty z histori\u0105, nie tylko ciekawe, ale te\u017c unikatowe.<\/div>\n<div dir=\"auto\"><span class=\"pq6dq46d tbxw36s4 knj5qynh kvgmc6g5 ditlmg2l oygrvhab nvdbi5me sf5mxxl7 gl3lb2sf hhz5lgdu\"><img loading=\"lazy\" decoding=\"async\" src=\"https:\/\/static.xx.fbcdn.net\/images\/emoji.php\/v9\/t1a\/2\/16\/1f7e1.png\" alt=\"\ud83d\udfe1\" width=\"16\" height=\"16\" \/><\/span> Poprzez dzia\u0142anie Kopalni wspieramy r\u00f3wnie\u017c \u015bwiadomo\u015b\u0107 ekologiczn\u0105. Codziennie jeste\u015bmy zalewani ogromn\u0105 ilo\u015bci\u0105 rzeczy, nie zawsze dobrej jako\u015bci. Robi\u0105c zakupy w Kopalni, wspierasz ruch zero waste. Kupowanie rzeczy u\u017cywanych, ale nadal w \u015bwietnym stanie, zmniejsza ilo\u015b\u0107 odpad\u00f3w. Wspierasz cyrkulacje przedmiot\u00f3w.<\/div>\n<\/div>\n<div class=\"cxmmr5t8 oygrvhab hcukyx3x c1et5uql o9v6fnle ii04i59q\">\n<div dir=\"auto\"><span class=\"pq6dq46d tbxw36s4 knj5qynh kvgmc6g5 ditlmg2l oygrvhab nvdbi5me sf5mxxl7 gl3lb2sf hhz5lgdu\"><img loading=\"lazy\" decoding=\"async\" src=\"https:\/\/static.xx.fbcdn.net\/images\/emoji.php\/v9\/t1a\/2\/16\/1f7e1.png\" alt=\"\ud83d\udfe1\" width=\"16\" height=\"16\" \/><\/span> A mo\u017ce chcesz wesprze\u0107 dzia\u0142anie Fundacji Salomon? Bardzo przyda nam si\u0119 wsparcie wolontariuszy. Pomoc potrzebna jest przy segregowaniu rzeczy, wycenie ksi\u0105\u017cek, prowadzeniu serwis\u00f3w spo\u0142eczno\u015bciowych, robieniu zdj\u0119\u0107 i w wielu innych dzia\u0142aniach. Je\u017celi jeste\u015b zainteresowany\/zainteresowana zapraszamy do kontaktu.<\/div>\n<div dir=\"auto\">Nie masz czasu? To nic, nadal mo\u017cesz pom\u00f3c. Mo\u017ce wiesz, komu my mo\u017cemy pom\u00f3c i nas o tym poinformujesz? Ogromn\u0105 pomoc\u0105 b\u0119dzie rozpowszechnianie informacji o naszej dzia\u0142alno\u015bci. Mo\u017ce masz rzeczy w dobrym stanie do przekazania? Prosimy o kontakt przed ich przywiezieniem. Wsparciem fundacji b\u0119dzie r\u00f3wnie\u017c przekazanie 1% podatku lub innej kwoty na konto fundacji.<\/div>\n<div dir=\"auto\">\u00a0<\/div>\n<div dir=\"auto\"><span class=\"pq6dq46d tbxw36s4 knj5qynh kvgmc6g5 ditlmg2l oygrvhab nvdbi5me sf5mxxl7 gl3lb2sf hhz5lgdu\"><img loading=\"lazy\" decoding=\"async\" src=\"https:\/\/static.xx.fbcdn.net\/images\/emoji.php\/v9\/ted\/2\/16\/2764.png\" alt=\"\u2764\ufe0f\" width=\"16\" height=\"16\" \/><\/span> Ch\u0119tnie si\u0119 poznamy. Zapraszamy na ul. Bia\u0142ostock\u0105 9. <span class=\"pq6dq46d tbxw36s4 knj5qynh kvgmc6g5 ditlmg2l oygrvhab nvdbi5me sf5mxxl7 gl3lb2sf hhz5lgdu\"><img loading=\"lazy\" decoding=\"async\" src=\"https:\/\/static.xx.fbcdn.net\/images\/emoji.php\/v9\/ted\/2\/16\/2764.png\" alt=\"\u2764\ufe0f\" width=\"16\" height=\"16\" \/><\/span><\/div>\n<\/div>\n<\/div>\n<\/div>\n<\/div>\n<\/div>\n<div id=\"jsc_c_iv\" class=\"l9j0dhe7\">\n<div class=\"l9j0dhe7\">\n<div class=\"bp9cbjyn cwj9ozl2 j83agx80 cbu4d94t ni8dbmo4 stjgntxs l9j0dhe7 k4urcfbm\">\n<div class=\"do00u71z ni8dbmo4 stjgntxs l9j0dhe7\">\n<div class=\"pmk7jnqg kr520xx4\">\u00a0<\/div>\n<\/div>\n<\/div>\n<div class=\"linmgsc8 opwvks06 i09qtzwb n7fi1qx3 hzruof5a pmk7jnqg j9ispegn kr520xx4\">\u00a0<\/div>\n<div class=\"k4urcfbm kr520xx4 j9ispegn pmk7jnqg hzruof5a datstx6m\">\n<div class=\"oajrlxb2 mtkw9kbi tlpljxtp qensuy8j ppp5ayq2 goun2846 ccm00jje s44p3ltw mk2mc5f4 rt8b4zig n8ej3o3l agehan2d sk4xxmp2 rq0escxv mg4g778l pfnyh3mw p7hjln8o kvgmc6g5 cxmmr5t8 tgvbjcpo hpfvmrgz i1ao9s8h esuyzwwr f1sip0of du4w35lb btwxx1t3 abiwlrkh p8dawk7l lzcic4wl bp9cbjyn aiav7xjy iknkz7rq jl76u3ck o4tk5t3p i09qtzwb nhd2j8a9 j83agx80 afyhebng n851cfcs jb3vyjys hv4rvrfc qt6c0cv9 dati1w0a hzruof5a pmk7jnqg j9ispegn g5ia77u1 mvk8q8v6 hcukyx3x\" tabindex=\"0\" role=\"button\">\n<div class=\"iuug3ofb aiav7xjy iknkz7rq jl76u3ck o4tk5t3p cxgpxx05 dflh9lhu sj5x9vvc scb9dxdr\">\u00a0<\/div>\n<div class=\"w5o66jgc nz7x975f l4z129up do00u71z ggphbty4 ttbfdpzt\">\u00a0<\/div>\n<\/div>\n<\/div>\n<\/div>\n<\/div>\n<\/div>\n<div>\n<div class=\"stjgntxs ni8dbmo4 l82x9zwi uo3d90p7 h905i5nu monazrh9\" data-visualcompletion=\"ignore-dynamic\">\n<div>\n<div>\n<div>\n<div class=\"l9j0dhe7\">\n<div class=\"bp9cbjyn m9osqain j83agx80 jq4qci2q bkfpd7mw a3bd9o3v kvgmc6g5 wkznzc2l oygrvhab dhix69tm jktsbyx5 rz4wbd8a osnr6wyh a8nywdso s1tcr66n\">\n<div class=\"bp9cbjyn j83agx80 buofh1pr ni8dbmo4 stjgntxs\">\n<div class=\"\">\n<div class=\"oajrlxb2 g5ia77u1 qu0x051f esr5mh6w e9989ue4 r7d6kgcz rq0escxv nhd2j8a9 p7hjln8o kvgmc6g5 cxmmr5t8 oygrvhab hcukyx3x jb3vyjys rz4wbd8a qt6c0cv9 a8nywdso i1ao9s8h esuyzwwr f1sip0of n00je7tq arfg74bv qs9ysxi8 k77z8yql l9j0dhe7 abiwlrkh p8dawk7l lzcic4wl gmql0nx0 ce9h75a5 ni8dbmo4 stjgntxs tkr6xdv7 a8c37x1j\" tabindex=\"0\" role=\"button\">\u00a0<\/div>\n<\/div>\n<\/div>\n<div class=\"kb5gq1qc pfnyh3mw c0wkt4kp\">\u00a0<\/div>\n<\/div>\n<\/div>\n<\/div>\n<\/div>\n<\/div>\n<\/div>\n<\/div>\n<div id=\"fb-root\">\u00a0<\/div>\n\n<\/div>","protected":false},"excerpt":{"rendered":"<p>STATUT Fundacji Salomon \u00a0 Fundacja Salomon zosta\u0142a za\u0142o\u017cona w 2018<a href=\"https:\/\/www.fundacjasalomon.pl\/?page_id=8\">Wi\u0119cej<i class=\"fa fa-long-arrow-right\" aria-hidden=\"true\"><\/i><\/a><\/p>\n","protected":false},"author":1,"featured_media":0,"parent":0,"menu_order":0,"comment_status":"closed","ping_status":"closed","template":"","meta":{"_monsterinsights_skip_tracking":false,"_monsterinsights_sitenote_active":false,"_monsterinsights_sitenote_note":"","_monsterinsights_sitenote_category":0,"footnotes":""},"class_list":["post-8","page","type-page","status-publish","hentry"],"aioseo_notices":[],"_links":{"self":[{"href":"https:\/\/www.fundacjasalomon.pl\/index.php?rest_route=\/wp\/v2\/pages\/8","targetHints":{"allow":["GET"]}}],"collection":[{"href":"https:\/\/www.fundacjasalomon.pl\/index.php?rest_route=\/wp\/v2\/pages"}],"about":[{"href":"https:\/\/www.fundacjasalomon.pl\/index.php?rest_route=\/wp\/v2\/types\/page"}],"author":[{"embeddable":true,"href":"https:\/\/www.fundacjasalomon.pl\/index.php?rest_route=\/wp\/v2\/users\/1"}],"replies":[{"embeddable":true,"href":"https:\/\/www.fundacjasalomon.pl\/index.php?rest_route=%2Fwp%2Fv2%2Fcomments&post=8"}],"version-history":[{"count":25,"href":"https:\/\/www.fundacjasalomon.pl\/index.php?rest_route=\/wp\/v2\/pages\/8\/revisions"}],"predecessor-version":[{"id":793,"href":"https:\/\/www.fundacjasalomon.pl\/index.php?rest_route=\/wp\/v2\/pages\/8\/revisions\/793"}],"wp:attachment":[{"href":"https:\/\/www.fundacjasalomon.pl\/index.php?rest_route=%2Fwp%2Fv2%2Fmedia&parent=8"}],"curies":[{"name":"wp","href":"https:\/\/api.w.org\/{rel}","templated":true}]}}